{"id":300,"date":"2018-05-22T21:42:30","date_gmt":"2018-05-22T19:42:30","guid":{"rendered":"http:\/\/localhosthttps:\/\/www.happy-culture.com?page_id=300"},"modified":"2024-05-01T18:32:26","modified_gmt":"2024-05-01T16:32:26","slug":"lasso-ii","status":"publish","type":"page","link":"https:\/\/www.happy-culture.com\/index.php\/lasso-ii\/","title":{"rendered":"L&rsquo;assos"},"content":{"rendered":"\n<h3 class=\"wp-block-heading\">&nbsp;<\/h3>\n\n\n\n<h3 class=\"wp-block-heading\">&nbsp;<\/h3>\n\n\n\n<div class=\"wp-block-group has-background is-layout-constrained\" style=\"background-color:#fefdffb3\"><div class=\"wp-block-group__inner-container\">\n<p><\/p>\n\n\n\n<p><\/p>\n\n\n\n<h1 class=\"wp-block-heading has-text-align-center\">L&rsquo;assos<\/h1>\n\n\n\n<div class=\"wp-block-group is-vertical is-content-justification-center is-layout-flex wp-container-5\"><div class=\"wp-block-image\">\n<figure class=\"aligncenter size-full is-resized\"><img decoding=\"async\" loading=\"lazy\" src=\"https:\/\/www.happy-culture.com\/wp-content\/uploads\/2018\/04\/silhouette_3.png\" alt=\"\" class=\"wp-image-276\" width=\"259\" height=\"387\"\/><\/figure><\/div>\n\n\n<div class=\"wp-block-group has-black-color has-text-color is-layout-constrained\"><div class=\"wp-block-group__inner-container\">\n<div class=\"wp-block-group is-layout-constrained\"><div class=\"wp-block-group__inner-container\">\n<div class=\"wp-block-group alignfull is-layout-constrained\"><div class=\"wp-block-group__inner-container\">\n<div class=\"wp-block-group is-layout-constrained\"><div class=\"wp-block-group__inner-container\">\n<p style=\"font-style:normal;font-weight:400\">Happy Culture est avant tout une structure d\u2019initiative locale qui d\u00e9veloppe un projet artistique fond\u00e9 sur les arts de la rue. Sa d\u00e9marche culturelle s\u2019appuie sur l\u2019initiative des habitants en tant qu\u2019acteurs d\u2019un territoire. Cette d\u00e9marche associe largement les artistes.<\/p>\n\n\n\n<p>Tous les ans, \u00e0 la Pentec\u00f4te, Happy Culture organise un festival d&rsquo;arts de rue : la F\u00eate d&rsquo;Art d&rsquo;Art. Au-del\u00e0 de cette manifestation phare, l&rsquo;association d\u00e9veloppe une programmation annuelle dans le cadre de sa saison d&rsquo;Arts de rue, essayant de diversifier les formes artistiques et les espaces sc\u00e9niques.<\/p>\n\n\n\n<p>La formule : un public curieux, des artistes complices, des spectacles de qualit\u00e9, des programmes \u00e9clectiques, un espace public revisit\u00e9,un patrimoine customis\u00e9 et une obsession :<br>que la culture soit accessible \u00e0 tous !<br>Autour des spectacles programm\u00e9s, l&rsquo;activit\u00e9 de l&rsquo;association permet de d\u00e9velopper une action culturelle locale, en partenariat avec les \u00e9coles et d&rsquo;autres associations locales en particulier.<\/p>\n<\/div><\/div>\n<\/div><\/div>\n<\/div><\/div>\n<\/div><\/div>\n<\/div>\n<\/div><\/div>\n","protected":false},"excerpt":{"rendered":"<p>&nbsp; &nbsp; L&rsquo;assos Happy Culture est avant tout une structure d\u2019initiative locale qui d\u00e9veloppe un projet artistique fond\u00e9 sur les arts de la rue. Sa d\u00e9marche culturelle s\u2019appuie sur l\u2019initiative des habitants en tant qu\u2019acteurs [&hellip;]<\/p>\n","protected":false},"author":1,"featured_media":0,"parent":0,"menu_order":0,"comment_status":"closed","ping_status":"closed","template":"page-templates\/page_fullwidth.php","meta":{"_themeisle_gutenberg_block_has_review":false},"rttpg_featured_image_url":null,"rttpg_author":{"display_name":"adminhc","author_link":"https:\/\/www.happy-culture.com\/index.php\/author\/adminhc\/"},"rttpg_comment":0,"rttpg_category":null,"rttpg_excerpt":"&nbsp; &nbsp; L&rsquo;assos Happy Culture est avant tout une structure d\u2019initiative locale qui d\u00e9veloppe un projet artistique fond\u00e9 sur les arts de la rue. Sa d\u00e9marche culturelle s\u2019appuie sur l\u2019initiative des habitants en tant qu\u2019acteurs [&hellip;]","_links":{"self":[{"href":"https:\/\/www.happy-culture.com\/index.php\/wp-json\/wp\/v2\/pages\/300"}],"collection":[{"href":"https:\/\/www.happy-culture.com\/index.php\/wp-json\/wp\/v2\/pages"}],"about":[{"href":"https:\/\/www.happy-culture.com\/index.php\/wp-json\/wp\/v2\/types\/page"}],"author":[{"embeddable":true,"href":"https:\/\/www.happy-culture.com\/index.php\/wp-json\/wp\/v2\/users\/1"}],"replies":[{"embeddable":true,"href":"https:\/\/www.happy-culture.com\/index.php\/wp-json\/wp\/v2\/comments?post=300"}],"version-history":[{"count":36,"href":"https:\/\/www.happy-culture.com\/index.php\/wp-json\/wp\/v2\/pages\/300\/revisions"}],"predecessor-version":[{"id":1953,"href":"https:\/\/www.happy-culture.com\/index.php\/wp-json\/wp\/v2\/pages\/300\/revisions\/1953"}],"wp:attachment":[{"href":"https:\/\/www.happy-culture.com\/index.php\/wp-json\/wp\/v2\/media?parent=300"}],"curies":[{"name":"wp","href":"https:\/\/api.w.org\/{rel}","templated":true}]}}