{"id":582,"date":"2019-01-24T21:38:11","date_gmt":"2019-01-24T20:38:11","guid":{"rendered":"https:\/\/www.happy-culture.com\/?page_id=582"},"modified":"2019-03-27T23:31:10","modified_gmt":"2019-03-27T22:31:10","slug":"timeline-i","status":"publish","type":"page","link":"https:\/\/www.happy-culture.com\/index.php\/timeline-i\/","title":{"rendered":"Archives"},"content":{"rendered":"\t\t\t<!-- Cool Timeline Free V2.8.3 -->\r\n\t\t\t<div class=\"ctl-wrapper\">\r\n\t\t\t\t<div class=\"ctl-before-content\"><div class=\"timeline-main-title\"><h1>HAPPY HISTOIRE<\/h1><\/div><\/div>\t\t\t\t<div id=\"cool_timeline_1\" class=\"cool-timeline-wrapper ctl-both-sided ctl-vertical-wrapper\" >\r\n\t\t\t\t\t<div class=\"ctl-start\"><\/div>\r\n\t\t\t\t\t<!-- Timeline Container -->\r\n\t\t\t\t\t<div class=\"ctl-timeline ctl-timeline-container\" data-animation=\"fade-in\">\r\n\t\t\t\t\t\t<!-- Center Line -->\r\n\t\t\t\t\t\t<div class=\"ctl-inner-line\"><\/div>\r\n\t\t\t\t\t\t<!-- Story Year Section --><div data-cls=\"sc-nv-light vertical\" class=\"timeline-year scrollable-section ctl-year ctl-year-container light-year\" data-section-title=\"1999\" id=\"year-1999\"><div class=\"ctl-year-label ctl-year-text\"><span>1999<\/span><\/div><\/div><!-- Timeline Content --><div  id=\"ctl-story-629\" class=\"ctl-story ctl-story-dot-icon odd ctl-story-right\" data-aos=\"fade-in\"   data-story-index=\"1\"><!-- Story Date --><div class=\"ctl-labels\"><div class=\"ctl-label-big story-date\">septembre 18<\/div><\/div><!-- Story IconDot --><div class=\"ctl-icondot\"><\/div> <!-- Story Arrow --><div class=\"ctl-arrow\"><\/div><!-- Story Content --><div class=\"ctl-content\"><!-- Story Title --><div class=\"ctl-title story-629\"><a target=\"_self\" title=\"Pour que prenne l&rsquo;assos\" href=\"https:\/\/www.happy-culture.com\/index.php\/cool_timeline\/pour-que-prenne-lasso\/\" class=\"story-link\">Pour que prenne l&rsquo;assos<\/a><\/div><!-- Story Media --><div class=\"ctl-media full\"><a data-glightbox=\"Pour que prenne l&rsquo;assos\" href=\"https:\/\/www.happy-culture.com\/wp-content\/uploads\/1999\/09\/aff_1999.jpg\" class=\"ctl_glightbox\"><img width=\"360\" height=\"521\" src=\"https:\/\/www.happy-culture.com\/wp-content\/uploads\/1999\/09\/aff_1999.jpg\" class=\"story-img wp-post-image\" alt=\"Pour que prenne l&rsquo;assos\" decoding=\"async\" loading=\"lazy\" \/><\/a><\/div><!-- Story Description --><div class=\"ctl-description\"><p>Les d\u00e9buts. la toute premi\u00e8re manifestation organis\u00e9e par Happy Culture. C&rsquo;est le 18 septembre 1999 que d\u00e9bute l&rsquo;histoire d&rsquo;Happy Culture avec l&rsquo;organisation de la journ\u00e9e \u00ab\u00a0Pour que prenne l&rsquo;assos\u00a0\u00bb. Aujourd&rsquo;hui on ne peut constater qu&rsquo;elle&hellip;<a class=\"read_more ctl_read_more\" target=\"_self\" href=\"https:\/\/www.happy-culture.com\/index.php\/cool_timeline\/pour-que-prenne-lasso\/\">Lire la suite<\/a><\/p>\n<\/div><\/div><\/div><!-- Story Year Section --><div data-cls=\"sc-nv-light vertical\" class=\"timeline-year scrollable-section ctl-year ctl-year-container light-year\" data-section-title=\"2000\" id=\"year-2000\"><div class=\"ctl-year-label ctl-year-text\"><span>2000<\/span><\/div><\/div><!-- Timeline Content --><div  id=\"ctl-story-390\" class=\"ctl-story ctl-story-dot-icon even ctl-story-left\" data-aos=\"fade-in\"   data-story-index=\"2\"><!-- Story Date --><div class=\"ctl-labels\"><div class=\"ctl-label-big story-date\">juillet 1<\/div><\/div><!-- Story IconDot --><div class=\"ctl-icondot\"><\/div> <!-- Story Arrow --><div class=\"ctl-arrow\"><\/div><!-- Story Content --><div class=\"ctl-content\"><!-- Story Title --><div class=\"ctl-title story-390\"><a target=\"_self\" title=\"Les ann\u00e9es 2000\" href=\"https:\/\/www.happy-culture.com\/index.php\/cool_timeline\/titres-1999\/\" class=\"story-link\">Les ann\u00e9es 2000<\/a><\/div><!-- Story Media --><div class=\"ctl-media full\"><a data-glightbox=\"Les ann\u00e9es 2000\" href=\"https:\/\/www.happy-culture.com\/wp-content\/uploads\/1999\/09\/aff_2000-e1553811582792.jpg\" class=\"ctl_glightbox\"><img width=\"260\" height=\"376\" src=\"https:\/\/www.happy-culture.com\/wp-content\/uploads\/1999\/09\/aff_2000-e1553811582792.jpg\" class=\"story-img wp-post-image\" alt=\"Les ann\u00e9es 2000\" decoding=\"async\" loading=\"lazy\" \/><\/a><\/div><\/div><\/div><!-- Story Year Section --><div data-cls=\"sc-nv-light vertical\" class=\"timeline-year scrollable-section ctl-year ctl-year-container light-year\" data-section-title=\"2001\" id=\"year-2001\"><div class=\"ctl-year-label ctl-year-text\"><span>2001<\/span><\/div><\/div><!-- Timeline Content --><div  id=\"ctl-story-391\" class=\"ctl-story ctl-story-dot-icon odd ctl-story-right\" data-aos=\"fade-in\"   data-story-index=\"3\"><!-- Story Date --><div class=\"ctl-labels\"><div class=\"ctl-label-big story-date\">juin 9<\/div><\/div><!-- Story IconDot --><div class=\"ctl-icondot\"><\/div> <!-- Story Arrow --><div class=\"ctl-arrow\"><\/div><!-- Story Content --><div class=\"ctl-content\"><!-- Story Title --><div class=\"ctl-title story-391\"><a target=\"_self\" title=\"2001\" href=\"https:\/\/www.happy-culture.com\/index.php\/cool_timeline\/titre-2000\/\" class=\"story-link\">2001<\/a><\/div><!-- Story Media --><div class=\"ctl-media full\"><a data-glightbox=\"2001\" href=\"https:\/\/www.happy-culture.com\/wp-content\/uploads\/1999\/09\/aff_2001.jpg\" class=\"ctl_glightbox\"><img width=\"360\" height=\"521\" src=\"https:\/\/www.happy-culture.com\/wp-content\/uploads\/1999\/09\/aff_2001.jpg\" class=\"story-img wp-post-image\" alt=\"2001\" decoding=\"async\" loading=\"lazy\" \/><\/a><\/div><\/div><\/div>\t\t\t\t\t<\/div>\r\n\t\t\t\t\t<div class=\"ctl-end\"><\/div>\r\n\t\t\t\t\t<nav class=\"ctl-pagination\"><span class=\"page-numbers ctl-page-num\"> Page 1 of 8<\/span> <span aria-current=\"page\" class=\"page-numbers current\">1<\/span>\n<a class=\"page-numbers\" href=\"https:\/\/www.happy-culture.com\/index.php\/wp-json\/wp\/v2\/pages\/582\/page\/2\/\">2<\/a>\n<span class=\"page-numbers dots\">\u2026<\/span>\n<a class=\"page-numbers\" href=\"https:\/\/www.happy-culture.com\/index.php\/wp-json\/wp\/v2\/pages\/582\/page\/8\/\">8<\/a>\n<a class=\"next page-numbers\" href=\"https:\/\/www.happy-culture.com\/index.php\/wp-json\/wp\/v2\/pages\/582\/page\/2\/\"><svg xmlns=\"http:\/\/www.w3.org\/2000\/svg\" height=\"1em\" viewBox=\"0 0 448 512\">\r\n\t\t\t\t<path d=\"M224.3 273l-136 136c-9.4 9.4-24.6 9.4-33.9 0l-22.6-22.6c-9.4-9.4-9.4-24.6 0-33.9l96.4-96.4-96.4-96.4c-9.4-9.4-9.4-24.6 0-33.9L54.3 103c9.4-9.4 24.6-9.4 33.9 0l136 136c9.5 9.4 9.5 24.6.1 34zm192-34l-136-136c-9.4-9.4-24.6-9.4-33.9 0l-22.6 22.6c-9.4 9.4-9.4 24.6 0 33.9l96.4 96.4-96.4 96.4c-9.4 9.4-9.4 24.6 0 33.9l22.6 22.6c9.4 9.4 24.6 9.4 33.9 0l136-136c9.4-9.2 9.4-24.4 0-33.8z\"\/>\r\n\t\t\t\t<\/svg><\/a><\/nav>\t\t\t\t<\/div>\r\n\t\t\t<\/div>\r\n\t\t\t\n","protected":false},"excerpt":{"rendered":"","protected":false},"author":1,"featured_media":0,"parent":0,"menu_order":0,"comment_status":"closed","ping_status":"closed","template":"page-templates\/page_fullwidth.php","meta":{"_themeisle_gutenberg_block_has_review":false},"rttpg_featured_image_url":null,"rttpg_author":{"display_name":"adminhc","author_link":"https:\/\/www.happy-culture.com\/index.php\/author\/adminhc\/"},"rttpg_comment":0,"rttpg_category":null,"rttpg_excerpt":null,"_links":{"self":[{"href":"https:\/\/www.happy-culture.com\/index.php\/wp-json\/wp\/v2\/pages\/582"}],"collection":[{"href":"https:\/\/www.happy-culture.com\/index.php\/wp-json\/wp\/v2\/pages"}],"about":[{"href":"https:\/\/www.happy-culture.com\/index.php\/wp-json\/wp\/v2\/types\/page"}],"author":[{"embeddable":true,"href":"https:\/\/www.happy-culture.com\/index.php\/wp-json\/wp\/v2\/users\/1"}],"replies":[{"embeddable":true,"href":"https:\/\/www.happy-culture.com\/index.php\/wp-json\/wp\/v2\/comments?post=582"}],"version-history":[{"count":8,"href":"https:\/\/www.happy-culture.com\/index.php\/wp-json\/wp\/v2\/pages\/582\/revisions"}],"predecessor-version":[{"id":628,"href":"https:\/\/www.happy-culture.com\/index.php\/wp-json\/wp\/v2\/pages\/582\/revisions\/628"}],"wp:attachment":[{"href":"https:\/\/www.happy-culture.com\/index.php\/wp-json\/wp\/v2\/media?parent=582"}],"curies":[{"name":"wp","href":"https:\/\/api.w.org\/{rel}","templated":true}]}}