{"id":988,"date":"2020-01-14T14:46:52","date_gmt":"2020-01-14T13:46:52","guid":{"rendered":"https:\/\/www.happy-culture.com\/?page_id=988"},"modified":"2020-01-14T15:00:37","modified_gmt":"2020-01-14T14:00:37","slug":"les-lectures-zelectroniques","status":"publish","type":"page","link":"https:\/\/www.happy-culture.com\/index.php\/les-lectures-zelectroniques\/","title":{"rendered":"Les Lectures [z]\u00e9lectroniques"},"content":{"rendered":"<div role=\"form\" class=\"wpcf7\" id=\"wpcf7-f987-o1\" lang=\"fr-FR\" dir=\"ltr\">\n<div class=\"screen-reader-response\"><p role=\"status\" aria-live=\"polite\" aria-atomic=\"true\"><\/p> <ul><\/ul><\/div>\n<form action=\"\/index.php\/wp-json\/wp\/v2\/pages\/988#wpcf7-f987-o1\" method=\"post\" class=\"wpcf7-form init\" novalidate=\"novalidate\" data-status=\"init\">\n<div style=\"display: none;\">\n<input type=\"hidden\" name=\"_wpcf7\" value=\"987\" \/>\n<input type=\"hidden\" name=\"_wpcf7_version\" value=\"5.4.1\" \/>\n<input type=\"hidden\" name=\"_wpcf7_locale\" value=\"fr_FR\" \/>\n<input type=\"hidden\" name=\"_wpcf7_unit_tag\" value=\"wpcf7-f987-o1\" \/>\n<input type=\"hidden\" name=\"_wpcf7_container_post\" value=\"0\" \/>\n<input type=\"hidden\" name=\"_wpcf7_posted_data_hash\" value=\"\" \/>\n<input type=\"hidden\" name=\"_wpcf7_recaptcha_response\" value=\"\" \/>\n<\/div>\n<div class=\"white-container\">\n<p>Samedi 1er f\u00e9vrier \u00e0 partir de 14h30 Happy culture et le Mus\u00e9e Calbet vous invitent \u00e0 d\u00e9couvrir <em>Les Lectures [z]\u00e9lectroniques<\/em> du D\u00e9tachement International du Muerto Coco.<\/p>\n<p> Les Muerto Coco ont plein de lectures z\u2019\u00e9lectroniques en magasin, sur la m\u00e9decine, la famille, les animaux, la politique\u2026<br>Chaque lecture th\u00e9matique dure une demi-heure et m\u00eale textes contemporains et univers sonores \u00e0 base de jouets pour enfants. Un m\u00e9lange \u00e9tonnant et ludique \u00e0 picorer.<\/p>\n<h1>Inscrivez-vous !<\/h1>\n<h2> Les place sont limit\u00e9es \u00e0 30 par lecture, une confirmation vous sera donn\u00e9e une fois votre inscription valid\u00e9e par nos soins<\/h2>\n<p><label> Votre nom (obligatoire)<br \/>\n    <span class=\"wpcf7-form-control-wrap nom\"><input type=\"text\" name=\"nom\" value=\"\" size=\"40\" class=\"wpcf7-form-control wpcf7-text wpcf7-validates-as-required\" aria-required=\"true\" aria-invalid=\"false\" \/><\/span> <\/label><\/p>\n<p><label> Votre pr\u00e9nom (obligatoire)<br \/>\n    <span class=\"wpcf7-form-control-wrap prenom\"><input type=\"text\" name=\"prenom\" value=\"\" size=\"40\" class=\"wpcf7-form-control wpcf7-text wpcf7-validates-as-required\" aria-required=\"true\" aria-invalid=\"false\" \/><\/span> <\/label><\/p>\n<p><label> Votre adresse de messagerie (obligatoire)<br \/>\n    <span class=\"wpcf7-form-control-wrap email\"><input type=\"email\" name=\"email\" value=\"\" size=\"40\" class=\"wpcf7-form-control wpcf7-text wpcf7-email wpcf7-validates-as-required wpcf7-validates-as-email\" aria-required=\"true\" aria-invalid=\"false\" \/><\/span> <\/label><\/p>\n<p><label> Votre t\u00e9l\u00e9phone (obligatoire)<br \/>\n    <span class=\"wpcf7-form-control-wrap telephone\"><input type=\"tel\" name=\"telephone\" value=\"\" size=\"40\" class=\"wpcf7-form-control wpcf7-text wpcf7-tel wpcf7-validates-as-required wpcf7-validates-as-tel\" aria-required=\"true\" aria-invalid=\"false\" \/><\/span> <\/label><\/p>\n<p><label>Nombre de personnes pour les Lectures animales \u00e0 14h30<br \/>\n<span class=\"wpcf7-form-control-wrap lectures-animales\"><input type=\"number\" name=\"lectures-animales\" value=\"0\" class=\"wpcf7-form-control wpcf7-number wpcf7-validates-as-required wpcf7-validates-as-number\" min=\"0\" aria-required=\"true\" aria-invalid=\"false\" \/><\/span><\/label><\/p>\n<p><label>Nombre de personnes pour les Lectures culinaires \u00e0 15h15<br \/>\n<span class=\"wpcf7-form-control-wrap lecture-culinaires\"><input type=\"number\" name=\"lecture-culinaires\" value=\"0\" class=\"wpcf7-form-control wpcf7-number wpcf7-validates-as-number\" min=\"0\" aria-invalid=\"false\" \/><\/span><\/label><\/p>\n<p><label>Nombre de personnes pour les Lectures horrifiques \u00e0 16h00<br \/>\n<span class=\"wpcf7-form-control-wrap lectures-horrifiques\"><input type=\"number\" name=\"lectures-horrifiques\" value=\"0\" class=\"wpcf7-form-control wpcf7-number wpcf7-validates-as-number\" min=\"0\" aria-invalid=\"false\" \/><\/span><\/label><\/p>\n<p><label>Nombre de personnes pour les Lectures futuristes \u00e0 17h30 (complet)<br \/>\n<span class=\"wpcf7-form-control-wrap lectures-futuristes\"><input type=\"number\" name=\"lectures-futuristes\" value=\"0\" class=\"wpcf7-form-control wpcf7-number wpcf7-validates-as-number\" min=\"0\" readonly=\"readonly\" aria-invalid=\"false\" \/><\/span><\/label><\/p>\n<p><label>Nombre de personnes pour les Lectures familiales \u00e0 18h15<br \/>\n<span class=\"wpcf7-form-control-wrap lectures-familiales\"><input type=\"number\" name=\"lectures-familiales\" value=\"0\" class=\"wpcf7-form-control wpcf7-number wpcf7-validates-as-number\" min=\"0\" aria-invalid=\"false\" \/><\/span><\/label><\/p>\n<p><label>Nombre de personnes pour les Lectures sexuelles \u00e0 19h00<br \/>\n<span class=\"wpcf7-form-control-wrap lectures-sexuelles\"><input type=\"number\" name=\"lectures-sexuelles\" value=\"0\" class=\"wpcf7-form-control wpcf7-number wpcf7-validates-as-number\" min=\"0\" aria-invalid=\"false\" \/><\/span><\/label><\/p>\n<p><input type=\"submit\" value=\"Envoyer\" class=\"wpcf7-form-control wpcf7-submit\" \/>\n<\/p><\/div>\n<p style=\"display: none !important;\" class=\"akismet-fields-container\" data-prefix=\"_wpcf7_ak_\"><label>&#916;<textarea name=\"_wpcf7_ak_hp_textarea\" cols=\"45\" rows=\"8\" maxlength=\"100\"><\/textarea><\/label><input type=\"hidden\" id=\"ak_js_1\" name=\"_wpcf7_ak_js\" value=\"177\"\/><script>document.getElementById( \"ak_js_1\" ).setAttribute( \"value\", ( new Date() ).getTime() );<\/script><\/p><div class=\"wpcf7-response-output\" aria-hidden=\"true\"><\/div><\/form><\/div>\n","protected":false},"excerpt":{"rendered":"","protected":false},"author":1,"featured_media":0,"parent":0,"menu_order":0,"comment_status":"closed","ping_status":"closed","template":"","meta":{"_themeisle_gutenberg_block_has_review":false},"rttpg_featured_image_url":null,"rttpg_author":{"display_name":"adminhc","author_link":"https:\/\/www.happy-culture.com\/index.php\/author\/adminhc\/"},"rttpg_comment":0,"rttpg_category":null,"rttpg_excerpt":null,"_links":{"self":[{"href":"https:\/\/www.happy-culture.com\/index.php\/wp-json\/wp\/v2\/pages\/988"}],"collection":[{"href":"https:\/\/www.happy-culture.com\/index.php\/wp-json\/wp\/v2\/pages"}],"about":[{"href":"https:\/\/www.happy-culture.com\/index.php\/wp-json\/wp\/v2\/types\/page"}],"author":[{"embeddable":true,"href":"https:\/\/www.happy-culture.com\/index.php\/wp-json\/wp\/v2\/users\/1"}],"replies":[{"embeddable":true,"href":"https:\/\/www.happy-culture.com\/index.php\/wp-json\/wp\/v2\/comments?post=988"}],"version-history":[{"count":2,"href":"https:\/\/www.happy-culture.com\/index.php\/wp-json\/wp\/v2\/pages\/988\/revisions"}],"predecessor-version":[{"id":998,"href":"https:\/\/www.happy-culture.com\/index.php\/wp-json\/wp\/v2\/pages\/988\/revisions\/998"}],"wp:attachment":[{"href":"https:\/\/www.happy-culture.com\/index.php\/wp-json\/wp\/v2\/media?parent=988"}],"curies":[{"name":"wp","href":"https:\/\/api.w.org\/{rel}","templated":true}]}}